{"id":1549,"date":"2018-01-31T01:09:23","date_gmt":"2018-01-31T01:09:23","guid":{"rendered":"http:\/\/hardouvelis.gr\/?page_id=1549"},"modified":"2018-01-31T01:09:23","modified_gmt":"2018-01-31T01:09:23","slug":"speeches-presentations-international","status":"publish","type":"page","link":"https:\/\/hardouvelis.gr\/el\/speeches-presentations-international\/","title":{"rendered":"\u039f\u03bc\u03b9\u03bb\u03af\u03b5\u03c2 \/ \u03a0\u03b1\u03c1\u03bf\u03c5\u03c3\u03b9\u03ac\u03c3\u03b5\u03b9\u03c2 &#8211; \u0394\u03b9\u03b5\u03b8\u03bd\u03ae"},"content":{"rendered":"<p>\u039f\u03bc\u03b9\u03bb\u03af\u03b5\u03c2 \u03ba\u03b1\u03b9 \u03a0\u03b1\u03c1\u03bf\u03c5\u03c3\u03b9\u03ac\u03c3\u03b5\u03b9\u03c2 \u03b3\u03b9\u03b1 \u03c4\u03b7 \u0394\u03b9\u03b5\u03b8\u03bd\u03ae \u039f\u03b9\u03ba\u03bf\u03bd\u03bf\u03bc\u03af\u03b1<br \/>\n<!--more--><\/p>\n<p>\n<table id=\"tablepress-20-no-2\" class=\"tablepress tablepress-id-20\">\n<thead>\n<tr class=\"row-1\">\n\t<th class=\"column-1\">Date<\/th><th class=\"column-2\">Title<\/th><th class=\"column-3\">Venue<\/th>\n<\/tr>\n<\/thead>\n<tbody class=\"row-striping row-hover\">\n<tr class=\"row-2\">\n\t<td class=\"column-1\">May 10, 2018<\/td><td class=\"column-2\"><a href=\"http:\/\/hardouvelis.gr\/can-the-eurozone-reform\/\">Can the Eurozone Reform?<\/a><\/td><td class=\"column-3\">Economist Conference on: \u201cGovernance and regional arteries for Growth: Europe\u2019s momentum \u2013 Greece\u2019s impetus,\u201d Wyndham Loutraki Poseidon Resort, Greece, May 10-11, 2018<\/td>\n<\/tr>\n<tr class=\"row-3\">\n\t<td class=\"column-1\">March 2, 2018<\/td><td class=\"column-2\"><a href=\"http:\/\/hardouvelis.gr\/euro-area-crisis-role-greece\/\">The Euro Area Crisis and the Role of Greece<\/a><\/td><td class=\"column-3\">Midwest Finance Association Annual Meetings, San Antonio, Texas, United States<\/td>\n<\/tr>\n<tr class=\"row-4\">\n\t<td class=\"column-1\">July 11, 2017<\/td><td class=\"column-2\"><a href=\"..\/style-concentration-ownership-expected-stock-returns-2\/\">Style Concentration in Ownership and Expected Stock Returns<\/a><\/td><td class=\"column-3\">16th CRETE Annual Meetings in Milos island, Greece<\/td>\n<\/tr>\n<tr class=\"row-5\">\n\t<td class=\"column-1\">June 30, 2017<\/td><td class=\"column-2\"><a href=\"..\/style-concentration-ownership-expected-stock-returns-2\/\">Style Concentration in Ownership and Expected Stock Returns<\/a><\/td><td class=\"column-3\">European Financial Management Association Annual Meetings, Athens, Greece (with G. Karalas)<\/td>\n<\/tr>\n<tr class=\"row-6\">\n\t<td class=\"column-1\">October 12, 2015<\/td><td class=\"column-2\"><a href=\"..\/william-mcgrews-book-educating-across-cultures\/\">William McGrew's book: \"Educating Across Cultures\"<\/a><\/td><td class=\"column-3\">A research documentary of the history of Anatolia College in Turkey and Greece; Discussant of the second half of the book; event took place at Anatolia College, Thessaloniki, Greece<\/td>\n<\/tr>\n<tr class=\"row-7\">\n\t<td class=\"column-1\">April 18, 2015<\/td><td class=\"column-2\">Economic Distress inside the European Monetary Union<\/td><td class=\"column-3\"> Multinational Finance Society Spring Meetings, Plenary Talk, Larnaca, Cyprus<\/td>\n<\/tr>\n<tr class=\"row-8\">\n\t<td class=\"column-1\">May 21, 2014<\/td><td class=\"column-2\">Are We There Yet?  Transformation of the European Banking Sector<\/td><td class=\"column-3\">Two-day Brussels  BNP Paribas conference \"The Future of Banking: Confidence and Value,\"  Panel discussion with Julio Dur\u00e1n, Jos Heuvelman, Tom\u00e1s Varela Mui\u00f1a and Christopher Drennen<\/td>\n<\/tr>\n<tr class=\"row-9\">\n\t<td class=\"column-1\">May 6, 2014<\/td><td class=\"column-2\"><a href=\"..\/martin-hellwigs-presentation-banks-governments-monetary-union-crisis\/\">Martin Hellwig\u2019s presentation on \"Banks, Governments, and Monetary Union in the Crisis\"<\/a><\/td><td class=\"column-3\">Event  sponsored by IOBE;  Discussant of Hellwig's presentation and extension to the case of Greek banks,  Athens Music Hall<\/td>\n<\/tr>\n<tr class=\"row-10\">\n\t<td class=\"column-1\">April 4, 2014<\/td><td class=\"column-2\"><a href=\"..\/banking-crisis-future-banking\/\">Banking Crisis and the Future of Banking <\/a><\/td><td class=\"column-3\">Multinational Finance Society Symposium, Spring 2014, Round table Discussion on \"The Future of Banking and Cyprus,\" with P. Florides, A. Michaelides and St. Zenios, Larnaca, Cyprus<\/td>\n<\/tr>\n<tr class=\"row-11\">\n\t<td class=\"column-1\">February 7, 2014<\/td><td class=\"column-2\"><a href=\"..\/europe-without-euro\/\">\u0397 \u0395\u03c5\u03c1\u03ce\u03c0\u03b7 \u03a7\u03c9\u03c1\u03af\u03c2 \u03a4\u03bf \u0395\u03c5\u03c1\u03ce;<\/a><\/td><td class=\"column-3\">\u03a3\u03c5\u03bd\u03ad\u03b4\u03c1\u03b9\u03bf \"\u03a4\u03bf\u03bb\u03bc\u03ae\u03c3\u03c4\u03b5 \u03b3\u03b9\u03b1 \u03c4\u03b7 \u0394\u03b7\u03bc\u03bf\u03ba\u03c1\u03b1\u03c4\u03af\u03b1\"  \u03c4\u03b7\u03c2 Nouvel Observateur &amp; \u039a\u03b1\u03b8\u03b7\u03bc\u03b5\u03c1\u03b9\u03bd\u03ae\u03c2 \u03c3\u03c4\u03bf \u039c\u03ad\u03b3\u03b1\u03c1\u03bf \u039c\u03bf\u03c5\u03c3\u03b9\u03ba\u03ae\u03c2, \u0391\u03b8\u03ae\u03bd\u03b1, \u03c3\u03b5 \u03a0\u03ac\u03bd\u03b5\u03bb \u03bc\u03b5 \u039a. \u039c\u03c0\u03bf\u03c4\u03cc\u03c0\u03bf\u03c5\u03bb\u03bf, \u039d. \u039e\u03c5\u03b4\u03ac\u03ba\u03b7, \u0393. \u03a0\u03b1\u03b3\u03bf\u03c5\u03bb\u03ac\u03c4\u03bf, Jean-Marc Daniel \u03ba\u03b1\u03b9 Dan O'Brien (\u03a6\u03c9\u03c4\u03bf)<\/td>\n<\/tr>\n<tr class=\"row-12\">\n\t<td class=\"column-1\">May 24, 2013<\/td><td class=\"column-2\"><a href=\"..\/lessons-monetary-policy-euro-area-crisis\/\">Lessons for Monetary Policy from the Euro-Area crisis<\/a><\/td><td class=\"column-3\">Discussion of Charles Goodhart's paper, Bank of Greece Conference, \u201cThe crisis in the Euro-Area,\u201d Athens<\/td>\n<\/tr>\n<tr class=\"row-13\">\n\t<td class=\"column-1\">June 21, 2010<\/td><td class=\"column-2\"><a href=\"..\/actions-less-procyclical-financial-system\/\">Actions for a less Procyclical Financial System<\/a><\/td><td class=\"column-3\">Alexander S. Onassis Public Benefit Foundation Conference on \u201cFinancial and Economic Crisis: The Return to Stability,\u201d  Athens, Greece<\/td>\n<\/tr>\n<tr class=\"row-14\">\n\t<td class=\"column-1\">November 26, 2009<\/td><td class=\"column-2\"><a href=\"..\/japanese-business-management-facing-post-crisis-new-global-economic-environment\/\">Japanese Business Management: Facing the Post-Crisis New Global Economic Environment<\/a><\/td><td class=\"column-3\">Embassy of Japan in Athens, 110th ANNIVERSARY GREEK \u2013 JAPANESE FRIENDLY TIES, Key-Note Lecture on Japanese Business Management, Athens Music Hall<\/td>\n<\/tr>\n<tr class=\"row-15\">\n\t<td class=\"column-1\">November 19, 2009<\/td><td class=\"column-2\"><a href=\"..\/world-crisis-s-e-e-challenges-prospects\/\">The World after the Crisis: S.E.E Challenges &amp; Prospects<\/a><\/td><td class=\"column-3\">3rd South Eastern Economic Research Workshop, Bank of Greece, Athens<\/td>\n<\/tr>\n<tr class=\"row-16\">\n\t<td class=\"column-1\">November 2, 2009<\/td><td class=\"column-2\"><a href=\"..\/international-crisis-future-economic-challenges\/\">The International Crisis and Future Economic Challenges<\/a><\/td><td class=\"column-3\">9th Economic Summit of the Republic of Serbia entitled \u201cWeathering through the world Economic Crisis\u201d<\/td>\n<\/tr>\n<tr class=\"row-17\">\n\t<td class=\"column-1\">October 20, 2009<\/td><td class=\"column-2\"><a href=\"..\/great-recession-real-estate-market\/\">The Great Recession &amp; the Real Estate Market<\/a><\/td><td class=\"column-3\">Prodexpo - Real Estate &amp; Development in Greece &amp; South Eastern Europe Conference - Aegli Zappeiou<\/td>\n<\/tr>\n<tr class=\"row-18\">\n\t<td class=\"column-1\">October 16, 2009<\/td><td class=\"column-2\"><a href=\"..\/banking-sees-crisis-effects-outlook-risks\/\">Banking in the SEEs:  Crisis Effects, Outlook and Risks<\/a><\/td><td class=\"column-3\">Bank of Greece &amp; the University of Oxford (SEESOX) conference, Lecture  in Session II: \u201cChallenges and Prospects of South East European Economies in the Wake of the Financial Crisis,\u201d  Athens<\/td>\n<\/tr>\n<tr class=\"row-19\">\n\t<td class=\"column-1\">June 17, 2009<\/td><td class=\"column-2\"><a href=\"..\/financial-crisis-future-path-global-economy\/\">Financial Crisis and the Future Path of the Global Economy<\/a><\/td><td class=\"column-3\">Alumni Association of the Department of Banking and Financial Management of University of Piraeus, Key Note Address in collloquium<\/td>\n<\/tr>\n<tr class=\"row-20\">\n\t<td class=\"column-1\">March 18, 2009<\/td><td class=\"column-2\"><a href=\"..\/financial-crisis-region-south-eastern-europe\/\">The Financial Crisis and the Region of South Eastern Europe<\/a><\/td><td class=\"column-3\">Athens Conference:  \u201cThe Financial Crisis: Managing in Challening Times\u201d  with  Paul Krugman<\/td>\n<\/tr>\n<tr class=\"row-21\">\n\t<td class=\"column-1\">February 16, 2009<\/td><td class=\"column-2\"><a href=\"..\/international-financial-crisis-impact-romanian-economy-future-prospects\/\">The International Financial Crisis: Impact on the Romanian Economy and Future Prospects<\/a><\/td><td class=\"column-3\">Conference organized by the Romanian-Hellenic Chamber of Commerce<\/td>\n<\/tr>\n<tr class=\"row-22\">\n\t<td class=\"column-1\">September 23, 2008<\/td><td class=\"column-2\"><a href=\"..\/global-credit-crunch-consequences\/\">The Global Credit Crunch and its Consequences<\/a><\/td><td class=\"column-3\">Financial Times Conference on \"Banking on Greece: Maximizing opportunities for growth and expansion, \" Athens<\/td>\n<\/tr>\n<tr class=\"row-23\">\n\t<td class=\"column-1\">August 28, 2008<\/td><td class=\"column-2\"><a href=\"http:\/\/hardouvelis.gr\/accruals-net-stock-issues-value-glamour-anomalies-new-evidence-relation\/\">Accruals, Net Stock Issues and Value-Glamour Anomalies: New Evidence on Their Relation<\/a><\/td><td class=\"column-3\">European Finance Association annual meetings - EFA 2008, Athens, academic paper presentation (with G. Papanastasopoulos)<\/td>\n<\/tr>\n<tr class=\"row-24\">\n\t<td class=\"column-1\">July 16, 2008<\/td><td class=\"column-2\"><a href=\"..\/bad-2007-8-financial-crisis\/\">How Bad is the 2007-8 Financial Crisis?<\/a><\/td><td class=\"column-3\">Hellenic Bank Association Conference entitled: \u201cThe recent international financial turmoil,\u201d Athens<\/td>\n<\/tr>\n<tr class=\"row-25\">\n\t<td class=\"column-1\">July 11, 2008<\/td><td class=\"column-2\"><a href=\"..\/stressful-international-economic-environment-south-eastern-europe\/\">How Stressful is the International Economic Environment on South Eastern Europe?<\/a><\/td><td class=\"column-3\">Speech at the Global Finance Partners Meeting 2008 SEEF, Astir Palace Vouliagmenis, Athens<\/td>\n<\/tr>\n<tr class=\"row-26\">\n\t<td class=\"column-1\">June 25, 2008<\/td><td class=\"column-2\"><a href=\"..\/accruals-net-stock-issues-value-glamour-anomalies-new-evidence-relation\/\">Accruals, Net Stock Issues and Value-Glamour Anomalies: New Evidence on Their Relation<\/a><\/td><td class=\"column-3\">European Financial Management Association- EFMA 2008, Athens, academic paper presentation (with G. Papanastasopoulos)<\/td>\n<\/tr>\n<tr class=\"row-27\">\n\t<td class=\"column-1\">May 20, 2008<\/td><td class=\"column-2\"><a href=\"..\/interviewing-alan-greenspan\/\">Interviewing Alan Greenspan<\/a><\/td><td class=\"column-3\">Coordinator at the event organized by the Capital Forum with live connection with Alan Greenspan, Athens<\/td>\n<\/tr>\n<tr class=\"row-28\">\n\t<td class=\"column-1\">May 9, 2008<\/td><td class=\"column-2\"><a href=\"..\/risks-to-growth\/\">Risks to Growth<\/a><\/td><td class=\"column-3\">Price Waterhouse Coopers Strategic Weekend, Mykonos<\/td>\n<\/tr>\n<tr class=\"row-29\">\n\t<td class=\"column-1\">February 13, 2008<\/td><td class=\"column-2\"><a href=\"..\/international-financial-linkages-real-economy\/\">International Financial Linkages and the Real Economy<\/a><\/td><td class=\"column-3\">2nd Symposium of the ECB-CFS Research Network on \"Capital Markets and Financial Integration in Europe\u201c, hosted by the European Central Bank, Frankfurt;  Discussant of three academic papers<\/td>\n<\/tr>\n<tr class=\"row-30\">\n\t<td class=\"column-1\">August 30, 2007<\/td><td class=\"column-2\"><a href=\"..\/consumer-confidence-elections-2\/\">Consumer Confidence and Elections<\/a><\/td><td class=\"column-3\">European Economic Association annual meetings, Budapest; presentation of academic paper (with D. Thomakos)<\/td>\n<\/tr>\n<\/tbody>\n<\/table>\n<\/p>","protected":false},"excerpt":{"rendered":"<p>\u0395\u03b3\u03b3\u03c1\u03b1\u03c6\u03ae \u03b4\u03b9\u03b1\u03b8\u03ad\u03c3\u03b9\u03bc\u03b7 \u03c3\u03c4\u03b1 English. For the sake of viewer convenience, the content is shown below in the alternative language. You<\/p>\n","protected":false},"author":1,"featured_media":4399,"parent":0,"menu_order":0,"comment_status":"closed","ping_status":"closed","template":"","meta":{"_acf_changed":false,"footnotes":""},"yst_prominent_words":[],"class_list":["post-1549","page","type-page","status-publish","has-post-thumbnail","hentry"],"acf":[],"_links":{"self":[{"href":"https:\/\/hardouvelis.gr\/el\/wp-json\/wp\/v2\/pages\/1549","targetHints":{"allow":["GET"]}}],"collection":[{"href":"https:\/\/hardouvelis.gr\/el\/wp-json\/wp\/v2\/pages"}],"about":[{"href":"https:\/\/hardouvelis.gr\/el\/wp-json\/wp\/v2\/types\/page"}],"author":[{"embeddable":true,"href":"https:\/\/hardouvelis.gr\/el\/wp-json\/wp\/v2\/users\/1"}],"replies":[{"embeddable":true,"href":"https:\/\/hardouvelis.gr\/el\/wp-json\/wp\/v2\/comments?post=1549"}],"version-history":[{"count":1,"href":"https:\/\/hardouvelis.gr\/el\/wp-json\/wp\/v2\/pages\/1549\/revisions"}],"predecessor-version":[{"id":1550,"href":"https:\/\/hardouvelis.gr\/el\/wp-json\/wp\/v2\/pages\/1549\/revisions\/1550"}],"wp:featuredmedia":[{"embeddable":true,"href":"https:\/\/hardouvelis.gr\/el\/wp-json\/wp\/v2\/media\/4399"}],"wp:attachment":[{"href":"https:\/\/hardouvelis.gr\/el\/wp-json\/wp\/v2\/media?parent=1549"}],"wp:term":[{"taxonomy":"yst_prominent_words","embeddable":true,"href":"https:\/\/hardouvelis.gr\/el\/wp-json\/wp\/v2\/yst_prominent_words?post=1549"}],"curies":[{"name":"wp","href":"https:\/\/api.w.org\/{rel}","templated":true}]}}